{"id":5574,"date":"2022-08-22T02:22:09","date_gmt":"2022-08-22T02:22:09","guid":{"rendered":"https:\/\/fastalimentos.com.br\/index.php\/product\/bolinha-de-queijo\/"},"modified":"2022-08-23T11:50:02","modified_gmt":"2022-08-23T11:50:02","slug":"bolinha-de-queijo","status":"publish","type":"product","link":"https:\/\/fastalimentos.com.br\/index.php\/product\/bolinha-de-queijo\/","title":{"rendered":"Bolinha de Queijo"},"content":{"rendered":"<p>Farinha de trigo, leite, queijo, mu\u00e7arela, queijo minas, manteiga, farinha de rosca, sal, or\u00e9gano, gordura hidrogenada para fritura.<br \/>\nAL\u00c9RGICOS: CONT\u00c9M TRIGO, OVO, LEITE DE VACA E DERIVADOS. PODE CONTER SOJA, AVEIA, CENTEIO E CEVADA. CONT\u00c9M GL\u00daTEM E LACTOSE. <\/p>\n","protected":false},"excerpt":{"rendered":"<p>Contam as boas l\u00ednguas que a nossa querida Bolinha nasceu no Rio de Janeiro, como uma alternativa r\u00e1pida para a j\u00e1 famosa coxinha. Mas logo, logo, ela ganhou personalidade pr\u00f3pria e se consagrou como um dos petiscos mais apreciados. Peso: 1 KG &#8211; 55 unidades<\/p>\n","protected":false},"featured_media":5604,"comment_status":"open","ping_status":"closed","template":"","meta":{"site-sidebar-layout":"default","site-content-layout":"default","ast-site-content-layout":"default","site-content-style":"default","site-sidebar-style":"default","ast-global-header-display":"","ast-banner-title-visibility":"","ast-main-header-display":"","ast-hfb-above-header-display":"","ast-hfb-below-header-display":"","ast-hfb-mobile-header-display":"","site-post-title":"","ast-breadcrumbs-content":"","ast-featured-img":"","footer-sml-layout":"","ast-disable-related-posts":"","theme-transparent-header-meta":"default","adv-header-id-meta":"","stick-header-meta":"","header-above-stick-meta":"","header-main-stick-meta":"","header-below-stick-meta":"","astra-migrate-meta-layouts":"default","ast-page-background-enabled":"default","ast-page-background-meta":{"desktop":{"background-color":"","background-image":"","background-repeat":"repeat","background-position":"center center","background-size":"auto","background-attachment":"scroll","background-type":"","background-media":"","overlay-type":"","overlay-color":"","overlay-opacity":"","overlay-gradient":""},"tablet":{"background-color":"","background-image":"","background-repeat":"repeat","background-position":"center center","background-size":"auto","background-attachment":"scroll","background-type":"","background-media":"","overlay-type":"","overlay-color":"","overlay-opacity":"","overlay-gradient":""},"mobile":{"background-color":"","background-image":"","background-repeat":"repeat","background-position":"center center","background-size":"auto","background-attachment":"scroll","background-type":"","background-media":"","overlay-type":"","overlay-color":"","overlay-opacity":"","overlay-gradient":""}},"ast-content-background-meta":{"desktop":{"background-color":"var(--ast-global-color-5)","background-image":"","background-repeat":"repeat","background-position":"center center","background-size":"auto","background-attachment":"scroll","background-type":"","background-media":"","overlay-type":"","overlay-color":"","overlay-opacity":"","overlay-gradient":""},"tablet":{"background-color":"var(--ast-global-color-5)","background-image":"","background-repeat":"repeat","background-position":"center center","background-size":"auto","background-attachment":"scroll","background-type":"","background-media":"","overlay-type":"","overlay-color":"","overlay-opacity":"","overlay-gradient":""},"mobile":{"background-color":"var(--ast-global-color-5)","background-image":"","background-repeat":"repeat","background-position":"center center","background-size":"auto","background-attachment":"scroll","background-type":"","background-media":"","overlay-type":"","overlay-color":"","overlay-opacity":"","overlay-gradient":""}}},"product_brand":[],"product_cat":[38],"product_tag":[39],"class_list":{"0":"post-5574","1":"product","2":"type-product","3":"status-publish","4":"has-post-thumbnail","6":"product_cat-produtos-oryai","7":"product_tag-produtos-oryai","8":"desktop-align-left","9":"tablet-align-left","10":"mobile-align-left","12":"first","13":"instock","14":"shipping-taxable","15":"purchasable","16":"product-type-simple"},"_links":{"self":[{"href":"https:\/\/fastalimentos.com.br\/index.php\/wp-json\/wp\/v2\/product\/5574","targetHints":{"allow":["GET"]}}],"collection":[{"href":"https:\/\/fastalimentos.com.br\/index.php\/wp-json\/wp\/v2\/product"}],"about":[{"href":"https:\/\/fastalimentos.com.br\/index.php\/wp-json\/wp\/v2\/types\/product"}],"replies":[{"embeddable":true,"href":"https:\/\/fastalimentos.com.br\/index.php\/wp-json\/wp\/v2\/comments?post=5574"}],"wp:featuredmedia":[{"embeddable":true,"href":"https:\/\/fastalimentos.com.br\/index.php\/wp-json\/wp\/v2\/media\/5604"}],"wp:attachment":[{"href":"https:\/\/fastalimentos.com.br\/index.php\/wp-json\/wp\/v2\/media?parent=5574"}],"wp:term":[{"taxonomy":"product_brand","embeddable":true,"href":"https:\/\/fastalimentos.com.br\/index.php\/wp-json\/wp\/v2\/product_brand?post=5574"},{"taxonomy":"product_cat","embeddable":true,"href":"https:\/\/fastalimentos.com.br\/index.php\/wp-json\/wp\/v2\/product_cat?post=5574"},{"taxonomy":"product_tag","embeddable":true,"href":"https:\/\/fastalimentos.com.br\/index.php\/wp-json\/wp\/v2\/product_tag?post=5574"}],"curies":[{"name":"wp","href":"https:\/\/api.w.org\/{rel}","templated":true}]}}