{"id":5576,"date":"2022-08-22T02:22:09","date_gmt":"2022-08-22T02:22:09","guid":{"rendered":"https:\/\/fastalimentos.com.br\/index.php\/product\/mini-salgado-napolitano\/"},"modified":"2024-04-05T15:58:26","modified_gmt":"2024-04-05T15:58:26","slug":"mini-salgado-napolitano","status":"publish","type":"product","link":"https:\/\/fastalimentos.com.br\/index.php\/product\/mini-salgado-napolitano\/","title":{"rendered":"Mini Salgado Napolitano"},"content":{"rendered":"<p>Farinha de trigo, leite, queijo mu\u00e7arela, apresuntado, farinha de rosca, azeite de oliva, margarina, caldo de galinha, clara de ovo, sal e or\u00e9gano desidratado. Gordura vegetal para fritura. AL\u00c9RGICOS: CONT\u00c9M TRIGO, OVO, LEITE DE VACA E DERIVADOS. PODE CONTER SOJA, AVEIA, CENTEIO E CEVADA. CONT\u00c9M GL\u00daTEM E LACTOSE.<\/p>\n","protected":false},"excerpt":{"rendered":"<p>O recheio napolitano \u00e9 um cl\u00e1ssico, une a mu\u00e7arela e o presunto, com toques de ervas que apuram o sabor.<\/p>\n","protected":false},"featured_media":5879,"comment_status":"open","ping_status":"closed","template":"","meta":{"site-sidebar-layout":"default","site-content-layout":"default","ast-site-content-layout":"default","site-content-style":"default","site-sidebar-style":"default","ast-global-header-display":"","ast-banner-title-visibility":"","ast-main-header-display":"","ast-hfb-above-header-display":"","ast-hfb-below-header-display":"","ast-hfb-mobile-header-display":"","site-post-title":"","ast-breadcrumbs-content":"","ast-featured-img":"","footer-sml-layout":"","ast-disable-related-posts":"","theme-transparent-header-meta":"default","adv-header-id-meta":"","stick-header-meta":"","header-above-stick-meta":"","header-main-stick-meta":"","header-below-stick-meta":"","astra-migrate-meta-layouts":"default","ast-page-background-enabled":"default","ast-page-background-meta":{"desktop":{"background-color":"","background-image":"","background-repeat":"repeat","background-position":"center center","background-size":"auto","background-attachment":"scroll","background-type":"","background-media":"","overlay-type":"","overlay-color":"","overlay-opacity":"","overlay-gradient":""},"tablet":{"background-color":"","background-image":"","background-repeat":"repeat","background-position":"center center","background-size":"auto","background-attachment":"scroll","background-type":"","background-media":"","overlay-type":"","overlay-color":"","overlay-opacity":"","overlay-gradient":""},"mobile":{"background-color":"","background-image":"","background-repeat":"repeat","background-position":"center center","background-size":"auto","background-attachment":"scroll","background-type":"","background-media":"","overlay-type":"","overlay-color":"","overlay-opacity":"","overlay-gradient":""}},"ast-content-background-meta":{"desktop":{"background-color":"var(--ast-global-color-5)","background-image":"","background-repeat":"repeat","background-position":"center center","background-size":"auto","background-attachment":"scroll","background-type":"","background-media":"","overlay-type":"","overlay-color":"","overlay-opacity":"","overlay-gradient":""},"tablet":{"background-color":"var(--ast-global-color-5)","background-image":"","background-repeat":"repeat","background-position":"center center","background-size":"auto","background-attachment":"scroll","background-type":"","background-media":"","overlay-type":"","overlay-color":"","overlay-opacity":"","overlay-gradient":""},"mobile":{"background-color":"var(--ast-global-color-5)","background-image":"","background-repeat":"repeat","background-position":"center center","background-size":"auto","background-attachment":"scroll","background-type":"","background-media":"","overlay-type":"","overlay-color":"","overlay-opacity":"","overlay-gradient":""}}},"product_brand":[],"product_cat":[38],"product_tag":[39],"class_list":{"0":"post-5576","1":"product","2":"type-product","3":"status-publish","4":"has-post-thumbnail","6":"product_cat-produtos-oryai","7":"product_tag-produtos-oryai","8":"desktop-align-left","9":"tablet-align-left","10":"mobile-align-left","12":"first","13":"instock","14":"shipping-taxable","15":"product-type-simple"},"_links":{"self":[{"href":"https:\/\/fastalimentos.com.br\/index.php\/wp-json\/wp\/v2\/product\/5576","targetHints":{"allow":["GET"]}}],"collection":[{"href":"https:\/\/fastalimentos.com.br\/index.php\/wp-json\/wp\/v2\/product"}],"about":[{"href":"https:\/\/fastalimentos.com.br\/index.php\/wp-json\/wp\/v2\/types\/product"}],"replies":[{"embeddable":true,"href":"https:\/\/fastalimentos.com.br\/index.php\/wp-json\/wp\/v2\/comments?post=5576"}],"wp:featuredmedia":[{"embeddable":true,"href":"https:\/\/fastalimentos.com.br\/index.php\/wp-json\/wp\/v2\/media\/5879"}],"wp:attachment":[{"href":"https:\/\/fastalimentos.com.br\/index.php\/wp-json\/wp\/v2\/media?parent=5576"}],"wp:term":[{"taxonomy":"product_brand","embeddable":true,"href":"https:\/\/fastalimentos.com.br\/index.php\/wp-json\/wp\/v2\/product_brand?post=5576"},{"taxonomy":"product_cat","embeddable":true,"href":"https:\/\/fastalimentos.com.br\/index.php\/wp-json\/wp\/v2\/product_cat?post=5576"},{"taxonomy":"product_tag","embeddable":true,"href":"https:\/\/fastalimentos.com.br\/index.php\/wp-json\/wp\/v2\/product_tag?post=5576"}],"curies":[{"name":"wp","href":"https:\/\/api.w.org\/{rel}","templated":true}]}}